{"id":60,"date":"2024-04-17T16:59:39","date_gmt":"2024-04-17T14:59:39","guid":{"rendered":"http:\/\/81.0.60.116\/urquizu\/?page_id=60"},"modified":"2024-04-17T17:07:54","modified_gmt":"2024-04-17T15:07:54","slug":"individuos-del-arbol-urquizu","status":"publish","type":"page","link":"http:\/\/urquizu.info\/?page_id=60","title":{"rendered":"Individuos del \u00e1rbol Urquizu"},"content":{"rendered":"\n<p class=\"has-medium-font-size\">A continuaci\u00f3n vamos a exponer a modo de resumen los datos y an\u00e9cdotas encontradas en los distintos individuos del<strong> \u00c1rbol Urquizu<\/strong> y tambi\u00e9n del<strong> \u00c1rbol otros Urquizu,<\/strong> &nbsp;que pertenecen a la misma rama familiar pero de momento no tenemos ning\u00fan dato para unirlos.<\/p>\n\n\n\n<h2 class=\"wp-block-heading has-medium-font-size\"><strong>\u00c1rbol Urquizu<\/strong><\/h2>\n\n\n\n<p class=\"has-medium-font-size\"><strong>Ger\u00f3nimo Urquizu <\/strong>contrajo matrimonio <strong>con Lamberta Royo <\/strong>en 1646 y tuvieron seis hijos: Ger\u00f3nimo, Marco Antonio, Roque, Hilario,&nbsp; Joseph&nbsp; y Flora.<\/p>\n\n\n\n<p class=\"has-medium-font-size\"><strong>Flora Urquizu Royo <\/strong>religiosa agustiniana de clausura en Mirambel. Muri\u00f3 en 1739 tras realizar el P\u00edo Legado y reparto seg\u00fan su \u00faltima voluntad. Testo para que sus bienes se repartieran a los parientes y en especial a las pobres doncellas que contrajeran matrimonio mediante la instauraci\u00f3n del P\u00edo Legado. Actuaron como patrones&nbsp; Ger\u00f3nimo Urquizu (su hermano) y el Vicario. Estableci\u00f3 que tendr\u00edan derecho a este legado los descendientes de sus hermanos. Dio principio a este legado, el casamiento de Josepha Urquizu (1740) con Pascual Aniento en Mirambel. Hay constancia que pose\u00eda la mas\u00eda del Moj\u00f3n de la Vega en Cantavieja.<\/p>\n\n\n\n<p class=\"has-medium-font-size\"><strong>Agust\u00edn Urquizu Belvis <\/strong>naci\u00f3 en Mirambel, hijo de Marco Antonio Urquizu Royo y Thomasa Belvis, nieto de Ger\u00f3nimo Urquizu y Lamberta Royo. Fue carpintero y residi\u00f3 en Mirambel, Arnes y Valderrobres. Muri\u00f3 ahogado en el r\u00edo Tastavins en Rafols (Teruel) el 19 de Mayo de 1732. <em>\u201cAl ser carpintero con muchos hijos y solo poseer sus herramientas no fue enterrado en Valderrobres hasta despu\u00e9s de tres d\u00edas, siendo pagado el entierro por su mujer y su yerno Ger\u00f3nimo Dardos\u201d<\/em>.<\/p>\n\n\n\n<p class=\"has-medium-font-size\"><strong>&nbsp;Joseph Urquizu Belvis <\/strong>se caso con<strong> B\u00e1rbara Monforte Fandos<\/strong> hija de Domingo Monforte y Agustina Fandos y sobrina del Reverendo&nbsp; Esteban Monforte.&nbsp; Sus descendientes cobraron del P\u00edo Legado de Flora Urquizu y tambi\u00e9n del Rdo. Esteban Monforte.<\/p>\n\n\n\n<p class=\"has-medium-font-size\"><strong>Francisco Urquizu Monforte<\/strong>: hijo de Joseph Urquizu Belvis y B\u00e1rbara Monforte Fandos, fue carpintero. Primer Patr\u00f3n del P\u00edo Legado Esteban Monforte. <em>\u201cEn 1765 siendo Sindico, Menor Regidor Tercero, firmo por el alcalde Miguel Castell y por Jaime Mar\u00edn que dijeron no saber escribir\u201d <\/em>(1).<\/p>\n\n\n\n<p class=\"has-medium-font-size\"><strong>Pedro Urquizu, <\/strong>sobrino del patr\u00f3n del P\u00edo legado del Rdo. Esteban Monforte (Agust\u00edn Urquizu Pastor). Debe verificarse su filiaci\u00f3n pues faltan datos que confirmen que sea hijo de Antonio Urquizu. <em>\u201cFue en 1837 alcalde de Mirambel y logro salvar la campana mayor de la iglesia de la orden dada por Cabrera de requisar todas las campanas de la jurisdicci\u00f3n\u201d <\/em>(1).<\/p>\n\n\n\n<p class=\"has-medium-font-size\"><strong>&nbsp;Gaspar Urquizu <\/strong>naci\u00f3 en Mirambel (Teruel).&nbsp;No tenemos fuentes documentales para afirmar que su padre fuera Pedro Urquizu Zurita pero si datos que nos orientan. Es descendiente de Ger\u00f3nimo y Lamberta (cobr\u00f3 la dote del P\u00edo Legado de Flora Urquizu en 1777, cronol\u00f3gicamente pertenece a esta generaci\u00f3n y vivi\u00f3 en Mirambel. Existe tambi\u00e9n la posibilidad de que sea hijo de su hermano Vicente o Antonio Urquizu Zurita, los dem\u00e1s varones Urquizu de Mirambel tienen descendencia conocida. Fue pintor y escultor y en&nbsp; 1777 dor\u00f3 la Piana de la Ermita de San Mart\u00edn. Se cas\u00f3 con <strong>Antonia Beser<\/strong> el 26 de Abril de 1773. Tuvieron tres hijos y una hija, Ram\u00f3n, Pedro, Mart\u00edn y Teresa.<\/p>\n\n\n\n<p class=\"has-medium-font-size\"><strong>&nbsp;Ram\u00f3n Urquizu Beser<\/strong> pintor y escen\u00f3grafo, hijo de Gaspar y Antonia naci\u00f3 en 1775. Se conserva diferentes cuadros, entre ellos sobresale uno de San Mart\u00edn<em>.<\/em><\/p>\n\n\n\n<p class=\"has-medium-font-size\"><em>&nbsp;\u201cCelebre pintor y escenogr\u00e1fo, especialista en retratos al natural, con residencia en Zaragoza, considerado el m\u00e1s h\u00e1bil artista de su \u00e9poca. Gano grand\u00edsimas sumas, pero fue tan derrochador y carabela que muri\u00f3 pobre, hasta el extremo de tener que pagar su hermano Pedro los gastos de su enfermedad, funeral y entierro\u201d <\/em>(2)<em>.<\/em><\/p>\n\n\n\n<p class=\"has-medium-font-size\">\u201c<em>Fue uno de los primeros disc\u00edpulos de la escuela de la Academia de Bellas Artes de San Luis. Obtuvo en 1797 el 2\u00ba premio de pintura. En 1799 realiz\u00f3 el primer tel\u00f3n del nuevo teatro c\u00f3mico de Zaragoza y en 1815 realiz\u00f3 otro de m\u00e1s envergadura, en 1828 trabajo el la pintura interior del mismo teatro\u201d. <\/em>(3)<\/p>\n\n\n\n<p class=\"has-medium-font-size\">\u201c\u2026d<em>el incendio y saqueo del pueblo de Orihuela el 25 de octubre de 1809 \u00fanicamente se salvaron la iglesia parroquial reci\u00e9n construida tras la mediaci\u00f3n del sacerdote Juan Valdemoro y algunas casas patricias. La virgen se salv\u00f3 del incendio porque la ocultaron los sacerdotes Juan Ambr\u00f3s, Jos\u00e9 S\u00e1nchez Moreno y Ram\u00f3n Urquizu<\/em> (4).<\/p>\n\n\n\n<p class=\"has-medium-font-size\">Trabajo junto con su hermano Pedro y sus cu\u00f1ados Ram\u00f3n, Pedro y Felix Ferrer Guasch en la recostrucci\u00f3n de la iglesia de Mirambel en1835, realizaron el decorado interior de la iglesia de Mirambel, que fue incendiada en 1835 durante las guerras carlistas. Pusieron en marcha la imprenta de Mirambel durante la guerra carlista y editaron el peri\u00f3dico, proclamas y otros documentos (1).<\/p>\n\n\n\n<p class=\"has-medium-font-size\"><strong>Pedro Urquizu Beser <\/strong>hijo de Gaspar y Antonia. Se alisto en el Tercio de Albarrac\u00edn bajo el mando del teniente Cases seg\u00fan relaci\u00f3n de la paga de 31 de diciembre de 1808, pertenec\u00eda a la 2\u00aa Compa\u00f1\u00eda dirigida por el capit\u00e1n Jos\u00e9 Asensio. (\u201cMalatarde\u201d consecuencias econ\u00f3micas y sociales de la batalla del Tremedal Juan Manuel Berges S\u00e1nchez. (Gasco y Guimbao D. La guerra de la Independencia)). \u201cValiente soldado de la guerra de la independencia e intr\u00e9pido capit\u00e1n que lucho con mucho tes\u00f3n en los dos sitios de Zaragoza. Cay\u00f3 prisionero y los franceses se lo llevaron a Francia, haci\u00e9ndole padecer y sufrir mucho por su en\u00e9rgico&nbsp; y entero car\u00e1cter. Retirado a su pueblo, cultivo con&nbsp; aprovechamiento las Bellas Artes, y a \u00e9l se debe el pintado y dorado de la mayor parte de los altares de esa iglesia. Muri\u00f3 soltero en Mirambel a los 80 a\u00f1os<em>\u201d <\/em>(5).<\/p>\n\n\n\n<p class=\"has-medium-font-size\"><strong>Teresa Urquizu Beser <\/strong>hija de Gaspar Urquizu y hermana de Ram\u00f3n y Pedro, se cas\u00f3 con Ram\u00f3n Ferrer Guasch (o Guart, en algunos textos) en una ceremonia religiosa en 1814.<\/p>\n\n\n\n<p class=\"has-medium-font-size\"><strong>Ram\u00f3n Ferrer Guasch <\/strong>naci\u00f3 en Mirambel, se cas\u00f3 con <strong>Teresa Urquizu Beser.<\/strong><\/p>\n\n\n\n<p class=\"has-medium-font-size\"><em>\u201cMagnifico escultor, realiz\u00f3 im\u00e1genes y altares para Belmonte, Torresillas, Pe\u00f1arroya, Forcall, Villarroya, Valdealgorfa, Pueyos de Alca\u00f1iz\u2026 Su fama salto los confines de nuestra tierra, un Lord de Londres le encarg\u00f3 una corrida de toros completa, que realiz\u00f3 con gran satisfacci\u00f3n&nbsp; del aristocr\u00e1tico ingl\u00e9s. Fue autor de San Fernando y Santa Cristina para la iglesia del Buen Suceso de Madrid, por el encargo del mismo Fernando VII, que le recompenso debidamente. Tambi\u00e9n fueron notables escultores su hermano F\u00e9lix Ferrer Guart, su hijo Pedro Ferrer Urquizu y sus sobrinos F\u00e9lix y Miguel Ferrer Galcer\u00e1n hijos de su hermano F\u00e9lix<\/em>\u201d (6).<\/p>\n\n\n\n<p class=\"has-medium-font-size\">Su padre fue Miguel Ferrer que naci\u00f3 en una mas\u00eda del Portell en 1760. Yendo de ni\u00f1o con el reba\u00f1o, sin m\u00e1s instrumento que su navaja, hacia filigranas en maderas de boj. El Pintor de Zorita, Pedro Guart, persuadi\u00f3 a su padre que lo llevara a Valencia para formarse en el arte. A\u00f1os m\u00e1s tarde se cas\u00f3 con una hija de Pedro Guart y se estableci\u00f3 en Mirambel (6).<\/p>\n\n\n\n<p class=\"has-medium-font-size\"><strong>Pedro Ferrer Urquizu<\/strong>&nbsp; hijo de Teresa Urquizu y Ram\u00f3n Ferrer, naci\u00f3 en 1814 en Mirambel, fue escultor.<\/p>\n\n\n\n<p class=\"has-medium-font-size\"><strong>Juan de Dios Ferrer Urquizu <\/strong>hijo de Teresa Urquizu y Ram\u00f3n Ferrer, naci\u00f3 en 1818 en Mirambel, muri\u00f3 a la edad de 38 a\u00f1os el 31 de Octubre de 1856. Fue Escultor, pintor y misionero. Realiz\u00f3 muchas im\u00e1genes para iglesias de Valencia y la de Mirambel. Se marcho de misionero a la isla de Malta y posteriormente a la China donde fund\u00f3 en el Tonkin una catedral, una escuela de Bellas Artes y un convento.<\/p>\n\n\n\n<p class=\"has-medium-font-size\"><strong>&nbsp;Jacinta Foz Ruiz:<\/strong> natural de Beceite, hija de F\u00e9lix Foz y Antonia Ruiz de Pe\u00f1arroya, casada con <strong>Miguel Urquizu<\/strong> Mach\u00edn. Fue fusilada a los 49 a\u00f1os por orden de Cabrera tras el asesinato de su madre (Mar\u00eda Grino) junto con su hija Francisca. Sus muertes se anotaron en el a\u00f1o 1838, pero figura la fecha de 27 de febrero de 1836.<\/p>\n\n\n\n<p class=\"has-medium-font-size\">\u201c<em>Recibi\u00f3 auxilio espiritual del sacerdote Jos\u00e9 Vall\u00e9s. Hizo testamento del modo que pudo a sus hijos, dejando misas por su alma y por la de su hija que tambi\u00e9n iba a ser fusilada. Muri\u00f3 fusilada en esta villa en el huerto del Martinete (un molino harinero cerca de Valderrobres) por una partida de las tropas de don Ram\u00f3n Cabrera, por mandato del mismo, luego fue sepultada en el cementerio de esta villa\u201d.<\/em><\/p>\n\n\n\n<p class=\"has-medium-font-size\">En un primer momento Cabrera mand\u00f3 fusilar a cuatro mujeres, pero Mariana Guardia (nuera de Jacinta) fue indultada. Mariana Guardia estaba retenida por ser mujer de un liberal, aunque ella era hija del oficial carlista Pedro Guardia, el cual, al enterarse, pidi\u00f3 el indulto de su hija a Cabrera pudi\u00e9ndola sacar de la c\u00e1rcel (la presoneta) de Beceite (7).<\/p>\n\n\n\n<p class=\"has-medium-font-size\"><strong>Francisca&nbsp; Urquizu Foz:<\/strong> natural de Beceite, soltera, fue fusilada a los 18 a\u00f1os junto a su madre Jacinta Foz, por orden del general Cabrera, el &nbsp;27 de febrero de 1836, as\u00ed consta en el certificado de defunci\u00f3n (tomo 9, folio 171):<\/p>\n\n\n\n<p class=\"has-medium-font-size\"><em>\u201cEl 27 de febrero de 1836, muri\u00f3 fusilada en esta villa, en el huerto de Martinete, por una partida de las tropas de D Ram\u00f3n Cabrera y por mandato del mismo. Francisca Urquizu Foz, soltera, de 18 a\u00f1os de edad, natural de Beceite hija de Miguel Urquizu y de Jacinta Foz\u2026siendo sepultada en el cementerio de esta villa\u201d<\/em><\/p>\n\n\n\n<p class=\"has-medium-font-size\">Al parecer Cabrera manten\u00eda ciertas relaciones amorosas con Francisca, con la que se cre\u00eda iba a casarse, llegando incluso a suponerse que estaba embarazada de \u00e9ste. (7)<\/p>\n\n\n\n<p class=\"has-medium-font-size\"><strong>Joaqu\u00edn Urquizu<\/strong><strong> Foz<\/strong> hijo de Miquel y Jacinta Foz fue fusilado por mandato de Cabrera el 1 de octubre del 1838 tras la derrota de Maella (8). Fue 2\u00ba comandante del cuerpo de voluntarios de las tropas del Infante Carlos en Albalate (Teruel) en 1832, (Debe verificarse que sea el mismo individuo)<\/p>\n\n\n\n<p class=\"has-medium-font-size\"><strong>Miguel Urquizu<\/strong><strong> Foz <\/strong>hijo de Miquel y Jacinta Foz. Notario y diputado provincial por Valderrobres en 1865 (9)<\/p>\n\n\n\n<p class=\"has-medium-font-size\"><strong>Tomas Urquizu Foz: <\/strong>hijo de Miquel y Jacinta Foz. Fue alcalde y juez de Valderrobres en 1871 (10).<\/p>\n\n\n\n<h4 class=\"wp-block-heading\">(1) Benigno Palos Fabregat. Apuntes para la historia de mi pueblo, Mirambel. Palma de Mallorca 1927.<br>(2) Jos\u00e9 Altaba Escorihuela. Mirambel. Una joya entre monta\u00f1as. Castell\u00f3n 1988<br>(3) Garc\u00eda Guantas \u201cTel\u00f3n y teloneros\u201d. Artigrama n\u00ba 10-1993.<br>(4) \u201cMalatarde\u201d Consecuencias econ\u00f3micas y sociales de la batalla del Tremedal Juan Manuel Berges S\u00e1nchez.<br>(5) Jos\u00e9 Altaba Escorihuela. Mirambel. Una joya entre monta\u00f1as. Castell\u00f3n 1988<br>(6) Jos\u00e9 Altaba Escorihuela. Cantavieja y su Bayl\u00eda. 1\u00aa Ed. Madrid 1978<br>(7) Luis Latorre Albesa. Beceite, chirigol de historias, personajes y curiosidades. 2004.<br>(8) La Iberica 13-10-1860.<br>(9) La Iberia 10-10-1865.<br>(10) La Esperanza 21-2-1871<\/h4>\n\n\n\n<h1 class=\"wp-block-heading\"><\/h1>\n\n\n\n<h1 class=\"wp-block-heading has-medium-font-size\"><strong>\u00c1rbol otros Urquizu<\/strong><\/h1>\n\n\n\n<p class=\"has-medium-font-size\"><strong>Juli\u00e1n Urquizu<\/strong> Maestro carpintero escultor seiscentista de Segorbe. Autor del altar de San Antonio Abad que en 1686 fue colocado en la parroquial de Ulldecona<\/p>\n\n\n\n<p class=\"has-medium-font-size\"><strong>Santiago Urquizu<\/strong> maestro carpintero en 1691 trabaj\u00f3 en la reparaci\u00f3n del castillo de Agoncillo (Logro\u00f1o).[1]<\/p>\n\n\n\n<p class=\"has-medium-font-size\"><strong>Juan Urquizu de la Guardia<\/strong> escultor era vecino de Daroca (Zaragoza) en 1632. [2]<\/p>\n\n\n\n<p class=\"has-medium-font-size\"><strong>Tom\u00e1s Urquizu <\/strong>m\u00e9dico de Ulldecona (Tarragona) en el siglo XVIII.[3]<\/p>\n\n\n\n<p class=\"has-medium-font-size\"><strong>Manuel Demetrio Urquizu,<\/strong> titulo de abogado expedido por el gobierno provisional en 1825, fue corregidor de Alfaro (Logro\u00f1o).[4]<\/p>\n\n\n\n<p class=\"has-medium-font-size\"><strong>Antonio Urquizu<\/strong> p\u00e1rroco en Tortosa (Tarragona) en 1835<\/p>\n\n\n\n<p><strong>Jos\u00e9 Jaime Urquizu<\/strong> 1851 de Villafranca del Cid (Castell\u00f3n) miembro de la Sociedad m\u00e9dica de Socorros Mutuos.[5]<\/p>\n\n\n\n<p class=\"has-medium-font-size\"><strong>Antonio Urquizu<\/strong> del comit\u00e9 del partido democr\u00e1tico progresista de Segorbe (Castell\u00f3n).[6]<\/p>\n\n\n\n<p class=\"has-medium-font-size\"><strong>Domingo Urquizu<\/strong> presidente y <strong>Ram\u00f3n Urquizu<\/strong> y <strong>Francisco Urquizu<\/strong> vocales del comit\u00e9 republicano de Beceite en 1869.[7]<\/p>\n\n\n\n<p class=\"has-medium-font-size\"><strong>Antonio Urquizu y Ferrer <\/strong>de Teruel obtuvo el privilegio de inventor de 1881 por un aparato destinado a la extracci\u00f3n de aceite de oliva, de cacahuete y dem\u00e1s semillas oleaginosas, evitando capachos[8]. Publico en 1886, <em>Trabajos estad\u00edsticos basados en datos oficiales por los que se evidencia la disparidad de c\u00f3mo se tributa y necesidad de verdadera reforma en los amillaramientos<\/em>.&nbsp; Madrid, Imprenta de Jos\u00e9 Gil y Navarro.<\/p>\n\n\n\n<h4 class=\"wp-block-heading\">[1] Cadi\u00f1anos Bardeci. Agoncillo y su fortaleza.<\/h4>\n\n\n\n<h4 class=\"wp-block-heading\">[2] Las Artes en Arag\u00f3n en el siglo XVII seg\u00fan el Archivo de Protocolos Notariales de Zaragoza de 1613 a 1696. A. Bru\u00f1\u00e9n Ib\u00e1\u00f1ez, L. Julve Larraz, E. Velasco de la Pe\u00f1a.<\/h4>\n\n\n\n<h4 class=\"wp-block-heading\">[3] Antonio Raga Canalda. Natalitat, fecunditat i il\u00b7legimitat a Ulldecona s. XVIII. Ra\u00efls,&nbsp;Any: 1994 N\u00fam.: 4<\/h4>\n\n\n\n<h4 class=\"wp-block-heading\">[4] Inventario de abogados riojanos del siglo XVIII-XIX. B. Larra\u00f1aga<\/h4>\n\n\n\n<h4 class=\"wp-block-heading\">[5] Boletin de Medicina, Cirug\u00eda y farmacia, 24-8-1851.<\/h4>\n\n\n\n<h4 class=\"wp-block-heading\"><a href=\"http:\/\/www.urquizu.info\/?page_id=51#_ftnref6\">[<\/a>6<a href=\"http:\/\/www.urquizu.info\/?page_id=51#_ftnref6\">]<\/a> Discusi\u00f3n 17-9-1880<\/h4>\n\n\n\n<h4 class=\"wp-block-heading\">[7] La Discusi\u00f3n 28-3-1869<\/h4>\n\n\n\n<h4 class=\"wp-block-heading\">[8] Revista de Espa\u00f1a, mayo 1882<\/h4>\n\n\n\n<h4 class=\"wp-block-heading\">[5] Inventario de abogados riojanos del siglo XVIII-XIX. B. Larra\u00f1aga<\/h4>\n\n\n\n<h4 class=\"wp-block-heading\">[6] Boletin de Medicina, Cirug\u00eda y farmacia, 24-8-1851.<\/h4>\n\n\n\n<h4 class=\"wp-block-heading\">[7] Discusi\u00f3n 17-9-1880<\/h4>\n\n\n\n<h4 class=\"wp-block-heading\">[8] La Discusi\u00f3n 28-3-1869<\/h4>\n\n\n\n<h4 class=\"wp-block-heading\">[9] Revista de Espa\u00f1a, mayo 1882<\/h4>\n","protected":false},"excerpt":{"rendered":"<p>A continuaci\u00f3n vamos a exponer a modo de resumen los datos y an\u00e9cdotas encontradas en los distintos individuos del \u00c1rbol Urquizu y tambi\u00e9n del \u00c1rbol otros Urquizu, &nbsp;que pertenecen a la misma rama familiar pero de momento no tenemos ning\u00fan &hellip; <a href=\"http:\/\/urquizu.info\/?page_id=60\">Continua llegint <span class=\"meta-nav\">&rarr;<\/span><\/a><\/p>\n","protected":false},"author":1,"featured_media":11,"parent":0,"menu_order":0,"comment_status":"closed","ping_status":"closed","template":"","meta":{"footnotes":""},"class_list":["post-60","page","type-page","status-publish","has-post-thumbnail","hentry"],"_links":{"self":[{"href":"http:\/\/urquizu.info\/index.php?rest_route=\/wp\/v2\/pages\/60","targetHints":{"allow":["GET"]}}],"collection":[{"href":"http:\/\/urquizu.info\/index.php?rest_route=\/wp\/v2\/pages"}],"about":[{"href":"http:\/\/urquizu.info\/index.php?rest_route=\/wp\/v2\/types\/page"}],"author":[{"embeddable":true,"href":"http:\/\/urquizu.info\/index.php?rest_route=\/wp\/v2\/users\/1"}],"replies":[{"embeddable":true,"href":"http:\/\/urquizu.info\/index.php?rest_route=%2Fwp%2Fv2%2Fcomments&post=60"}],"version-history":[{"count":3,"href":"http:\/\/urquizu.info\/index.php?rest_route=\/wp\/v2\/pages\/60\/revisions"}],"predecessor-version":[{"id":65,"href":"http:\/\/urquizu.info\/index.php?rest_route=\/wp\/v2\/pages\/60\/revisions\/65"}],"wp:featuredmedia":[{"embeddable":true,"href":"http:\/\/urquizu.info\/index.php?rest_route=\/wp\/v2\/media\/11"}],"wp:attachment":[{"href":"http:\/\/urquizu.info\/index.php?rest_route=%2Fwp%2Fv2%2Fmedia&parent=60"}],"curies":[{"name":"wp","href":"https:\/\/api.w.org\/{rel}","templated":true}]}}